{"id":4134,"date":"2024-03-26T19:32:43","date_gmt":"2024-03-26T18:32:43","guid":{"rendered":"https:\/\/www.tbplugin.com\/?page_id=4134"},"modified":"2024-10-17T22:51:26","modified_gmt":"2024-10-17T20:51:26","slug":"privacy-policy","status":"publish","type":"page","link":"https:\/\/www.tbplugin.com\/en\/privacy-policy\/","title":{"rendered":"Privacy policy"},"content":{"rendered":"\n<style type=\"text\/css\" data-created_by=\"avia_inline_auto\" id=\"style-css-av-28ytid-87eb0b4b611dfb7fbd265c7afe39e80f\">\n.flex_column.av-28ytid-87eb0b4b611dfb7fbd265c7afe39e80f{\npadding:10px 10px 10px 10px;\nbackground-color:#3d71a1;\n}\n<\/style>\n<div  class='flex_column av-28ytid-87eb0b4b611dfb7fbd265c7afe39e80f av_one_full  avia-builder-el-0  el_before_av_one_full  avia-builder-el-first  first flex_column_div  '     ><style type=\"text\/css\" data-created_by=\"avia_inline_auto\" id=\"style-css-av-lu8r5syi-aadfe417f6a78610cf04b381345903cc\">\n#top .av-special-heading.av-lu8r5syi-aadfe417f6a78610cf04b381345903cc{\npadding-bottom:0;\ncolor:#ffffff;\n}\nbody .av-special-heading.av-lu8r5syi-aadfe417f6a78610cf04b381345903cc .av-special-heading-tag .heading-char{\nfont-size:25px;\n}\n.av-special-heading.av-lu8r5syi-aadfe417f6a78610cf04b381345903cc .special-heading-inner-border{\nborder-color:#ffffff;\n}\n.av-special-heading.av-lu8r5syi-aadfe417f6a78610cf04b381345903cc .av-subheading{\nfont-size:15px;\n}\n<\/style>\n<div  class='av-special-heading av-lu8r5syi-aadfe417f6a78610cf04b381345903cc av-special-heading-h1 custom-color-heading blockquote modern-quote  avia-builder-el-1  avia-builder-el-no-sibling '><h1 class='av-special-heading-tag '  itemprop=\"headline\"  >PRIVACY POLICY<\/h1><div class=\"special-heading-border\"><div class=\"special-heading-inner-border\"><\/div><\/div><\/div><\/div>\n<div  class='flex_column av-9ny3p-08fe21d331bcdb2db924442441e512e2 av_one_full  avia-builder-el-2  el_after_av_one_full  avia-builder-el-last  first flex_column_div  column-top-margin'     ><style type=\"text\/css\" data-created_by=\"avia_inline_auto\" id=\"style-css-av-lu8ps21y-cff8aec34c7908a3dfe041ef85abcf05\">\n\n@media only screen and (max-width: 479px){ \n#top .av_textblock_section.av-lu8ps21y-cff8aec34c7908a3dfe041ef85abcf05 .avia_textblock{\nfont-size:13px;\n}\n}\n<\/style>\n<section  class='av_textblock_section av-lu8ps21y-cff8aec34c7908a3dfe041ef85abcf05 '   itemscope=\"itemscope\" itemtype=\"https:\/\/schema.org\/CreativeWork\" ><div class='avia_textblock'  itemprop=\"text\" ><p>Como usuario, debe leer atentamente este Aviso Legal en cada una de las ocasiones en que se proponga utilizar el Sitio Web, pues pod\u00edan sufrir modificaciones. <strong>Regina Margarita Barreiro Grela (www.tbplugin.com)<\/strong> (en adelante tambi\u00e9n el <strong>PRESTADOR<\/strong> o el <strong>RESPONSABLE<\/strong>), se reserva el derecho, en todo momento y sin previo aviso, a modificar contenido e informaci\u00f3n del sitio web, as\u00ed como las presentes Condiciones Generales y Particulares sin que exista la obligaci\u00f3n de pre-avisar o ponerlo en conocimiento de los usuarios, siendo suficientes la publicaci\u00f3n en el sitio web. En cumplimiento del RGPD (Reglamento UE 2016\/679 de 27 de abril de 2016), de la Ley Org\u00e1nica 3\/2018, de 5 de diciembre de Protecci\u00f3n de Datos Personales y garant\u00eda de los derechos digitales y dem\u00e1s normativa legal vigente en la materia, ponemos en su conocimiento que los datos personales pasar\u00e1n a formar parte de nuestras Actividades de tratamiento.<\/p>\n<h2>DATOS DEL RESPONSABLE<\/h2>\n<p>Regina Margarita Barreiro Grela<strong>, <\/strong>R\u00faa Feliciano Barrera Fern\u00e1ndez, 9F-3C &#8211; 15706 Santiago de Compostela (A Coru\u00f1a).<\/p>\n<h2>FINALIDAD DE LA RECOGIDA DE DATOS<\/h2>\n<p>Los tratamientos que realicemos, como consecuencia de la recogida de sus datos a trav\u00e9s de los formularios del sitio web, o que nos facilite por otros medios, tendr\u00e1n las siguientes finalidades:<\/p>\n<ul>\n<li>la informaci\u00f3n de los productos y\/o servicios ofrecidos por EL RESPONSABLE, mostrados en el contenido de sus p\u00e1ginas.<\/li>\n<li>Responder a las solicitudes de informaci\u00f3n, dudas, quejas o sugerencias requeridas por el Usuario.<\/li>\n<li>Para el env\u00edo de informaci\u00f3n a trav\u00e9s del bolet\u00edn de noticias, internet, sms, fax o cualquier otro medio. El usuario debe dar su consentimiento para estos env\u00edos marcando la casilla situada al efecto al pie de los formularios preparados para el env\u00edo de sus datos.<\/li>\n<\/ul>\n<p>El firmante garantiza la veracidad de los datos aportados y se compromete a comunicar cualquier cambio que se produzca en los mismos. El no facilitar los datos personales solicitados o el no aceptar la presente pol\u00edtica de protecci\u00f3n de datos supone la imposibilidad de subscribirse, registrarse o recibir informaci\u00f3n de los productos y servicios del RESPONSABLE. Tiene derecho a retirar el consentimiento prestado en cualquier momento. La retirada del consentimiento no afectar\u00e1 a la licitud del tratamiento efectuado anteriormente.<\/p>\n<h2>PRINCIPIOS APLICADOS A LOS DATOS FACILITADOS POR EL USUARIO<\/h2>\n<ul>\n<li>Principio de licitud, lealtad y transparencia: Siempre vamos a requerir su consentimiento para el tratamiento de sus datos personales para uno o varios fines espec\u00edficos que le informaremos previamente con absoluta transparencia.<\/li>\n<li>Limitaci\u00f3n de la finalidad: recogidos con fines determinados, expl\u00edcitos y leg\u00edtimos, y no ser\u00e1n tratados ulteriormente de manera incompatible con dichos fines.<\/li>\n<li>Principio de minimizaci\u00f3n de datos: Solo vamos a solicitar datos estrictamente necesarios en relaci\u00f3n con los fines para los que los necesitemos. Los m\u00ednimos posibles.<\/li>\n<li>Principio de exactitud: los datos ser\u00e1n exactos y, si fuera necesario, actualizados.<\/li>\n<li>Principio de limitaci\u00f3n del plazo de conservaci\u00f3n: Los datos ser\u00e1n mantenidos durante no m\u00e1s tiempo del necesario para los fines del tratamiento, en funci\u00f3n de la finalidad.<\/li>\n<li>Principio de integridad y confidencialidad: Sus datos ser\u00e1n tratados de tal manera que se garantice una seguridad y confidencialidad adecuada a los mismos. Debe saber que tomamos todas las precauciones necesarias para evitar el acceso no autorizado o uso indebido de los datos de nuestros usuarios por parte de terceros<\/li>\n<li>Responsabilidad proactiva: EL RESPONSABLE ser\u00e1 responsable del cumplimiento de los principios se\u00f1alados y adoptaremos las medidas t\u00e9cnicas y organizativas que nos permitan estar en condiciones de demostrar el cumplimiento.<\/li>\n<\/ul>\n<h2>LEGITIMACI\u00d3N DEL TRATAMIENTO<\/h2>\n<p>El RESPONSABLE est\u00e1 legitimado al tratamiento de datos personales para los fines indicados, en base a:<\/p>\n<ul>\n<li>El consentimiento otorgado por el interesado mediante la firma de los pertinentes formularios marcando la casilla incluida para tal efecto.<\/li>\n<li>Por el cumplimiento de obligaciones legales, si se diesen, aplicables al responsable del tratamiento.<\/li>\n<\/ul>\n<p>El interesado tiene derecho a retirar el consentimiento prestado en cualquier momento. La retirada del consentimiento no afectar\u00e1 a la licitud del tratamiento efectuado anteriormente.<\/p>\n<h2>CONFIDENCIALIDAD Y DESTINATARIOS<\/h2>\n<p>El RESPONSABLE garantiza que ha implementado medidas t\u00e9cnicas y organizativas apropiadas para garantizar la seguridad que establecen las leyes en la materia y evitar la alteraci\u00f3n, p\u00e9rdida, robo de los datos de car\u00e1cter personal y todo tratamiento o acceso no autorizado y para proteger los derechos y libertades de los usuarios; a respetar su confidencialidad y a realizar los tratamientos de datos de acuerdo con las finalidades que les corresponden. Igualmente se compromete al cumplimiento del deber de secreto. Asimismo, se garantiza que el tratamiento y registro en ficheros, programas, sistemas o equipos, locales y centros cumplen con los requisitos y condiciones de integridad y seguridad establecidas en la normativa vigente. No obstante, lo anterior, (habida cuenta en todo momento las vulnerabilidades de la actual tecnolog\u00eda, as\u00ed como riesgos de probabilidad y gravedad variables asociadas a cada uno de los tratamientos), las medidas de seguridad en Internet no son inexpugnables y podr\u00edan existir filtraciones por actuaciones dolosas de terceros. Se comunicar\u00e1n los datos a:<\/p>\n<ul>\n<li>Las Administraciones P\u00fablicas cuando proceda.<\/li>\n<li>Encargados de tratamiento.<\/li>\n<\/ul>\n<p>No se ceder\u00e1n a terceros, excepto por obligaci\u00f3n legal. En el caso de surgir la necesidad de tener que realizar alguna cesi\u00f3n a terceros, se producir\u00eda una informaci\u00f3n previa solicitando el consentimiento expreso para tal cesi\u00f3n. La entidad RESPONSABLE del tratamiento de datos, as\u00ed como los que intervengan en cualquier fase del tratamiento y\/o las entidades a quienes se los haya comunicado, est\u00e1n obligadas a observar el secreto profesional y a la adopci\u00f3n de los niveles de protecci\u00f3n y las medidas t\u00e9cnicas y organizativas necesarias a su alcance para garantizar la seguridad de los datos de car\u00e1cter personal, evitando, dentro de lo posible, accesos no autorizados, modificaciones il\u00edcitas, substracciones y\/o la p\u00e9rdida de los datos, con objeto de procurar el correspondiente nivel de seguridad de los ficheros del RESPONSABLE, seg\u00fan la naturaleza y sensibilidad de los datos facilitados por los usuarios del presente Sitio web.<\/p>\n<h2>TRANFERENCIAS INTERNACIONALES<\/h2>\n<p>No se realizar\u00e1n transferencias internacionales sin su consentimiento.<\/p>\n<h2>PLAZO DE CONSERVACI\u00d3N DE LOS DATOS<\/h2>\n<p>Los datos personales se conservar\u00e1n para responder a la solicitud del usuario y se eliminar\u00e1n de nuestro sistema una vez atendida. De darse la circunstancia del inicio de una relaci\u00f3n contractual, una vez cumplida esta, sus datos de car\u00e1cter personal se guardar\u00e1n, debidamente bloqueados, seg\u00fan lo que establezca la normativa sectorial vigente. La retirada del consentimiento no afectar\u00e1 a la licitud de los tratamientos efectuados con anterioridad.<\/p>\n<h2>FORMULARIOS DE RECOGIDA DE DATOS<\/h2>\n<p>LOS USUARIOS QUE NO EST\u00c9N DE ACUERDO CON ESTA POL\u00cdTICA NO DEBEN INTRODUCIR NING\u00daN DATO A TRAV\u00c9S DE ESTE SITIO WEB. La utilizaci\u00f3n de ciertos servicios o solicitudes al RESPONSABLE estar\u00e1n condicionadas a la previa cumplimentaci\u00f3n del correspondiente registro de Usuario mediante formularios. Toda la informaci\u00f3n que facilite el Usuario a trav\u00e9s de los formularios del Sitio Web a los efectos anteriores o cualesquiera otros deber\u00e1n ser veraces. A estos efectos, el Usuario garantiza la autenticidad de todos aquellos datos que comunique y mantendr\u00e1 actualizada la informaci\u00f3n facilitada, siendo responsable de la informaci\u00f3n falsa o inexacta que realice y de los perjuicios que cause al RESPONSABLE. En los formularios de recogida de datos, los campos se\u00f1alados con asterisco (*) son obligatorios, indicando as\u00ed qu\u00e9 datos son necesarios. por lo que, en caso de que el Usuario no facilite los datos correspondientes, el RESPONSABLE podr\u00e1 dejar la solicitud sin respuesta y\/o denegar el correspondiente servicio. Mediante la indicaci\u00f3n e introducci\u00f3n de los datos, y marcando la casilla incluida a tal efecto, el usuario otorga el consentimiento inequ\u00edvoco al RESPONSABLE para que proceda al tratamiento de los datos facilitados en pro de las finalidades mencionadas. Marcar las casillas de consentimiento antes del env\u00edo de los formularios. De esta forma obtenemos el consentimiento y tenemos prueba del mismo:<\/p>\n<p>[] * He le\u00eddo y acepto el Aviso Legal y la Pol\u00edtica de Privacidad<\/p>\n<p>[] Marque esta casilla si desea recibir informaci\u00f3n comercial<\/p>\n<h2>DECLARACI\u00d3N DE COMPROMISO DE PREVENCI\u00d3N Y ERRADICACI\u00d3N DEL ACOSO DIGITAL<\/h2>\n<p>Tenemos un compromiso con la protecci\u00f3n de datos y con la igualdad de g\u00e9nero y por ello nos comprometemos a garantizar el respeto en el tratamiento de datos personales y a los principios recogidos en la normativa en materia de protecci\u00f3n de datos, espec\u00edficamente en el art\u00edculo 5 del Reglamento General de Protecci\u00f3n de Datos. Adquirimos as\u00ed el compromiso de prevenir, sensibilizar y actuar en los supuestos que tengamos conocimiento de ciberacoso, ya sea este laboral o sexual. A trav\u00e9s de esta declaraci\u00f3n de compromiso, tomamos conciencia de los riesgos que entra\u00f1an Internet y las TIC en lo relativo a este tipo de conductas e impulsamos una cultura de respeto a la intimidad de las personas y de concienciaci\u00f3n en el empleo de datos personales. Manifestamos nuestro profundo rechazo al acoso laboral y al acoso sexual o por raz\u00f3n de sexo y manifestamos nuestro compromiso con la prevenci\u00f3n y erradicaci\u00f3n de estas conductas. Nos oponemos frontalmente al empleo de datos personales que supongan tratamientos de datos il\u00edcitos, que pudieran socavar el derecho a la intimidad y privacidad de los empleados. Nos mostramos firmemente comprometidos con la protecci\u00f3n de datos personales, necesaria para la salvaguarda al derecho fundamental al honor y a la intimidad personal y familiar de las personas. En consecuencia, respetamos los principios del art\u00edculo 5 del Reglamento General de Protecci\u00f3n de Datos y minimizaremos los tratamientos de datos personales de nuestros trabajadores que puedan suponer un incremento del riesgo de conductas constitutivas de acoso. En cualquier caso, tendremos en cuenta el posible impacto en t\u00e9rminos de g\u00e9nero de los tratamientos que lleve a cabo\u00bb.<\/p>\n<h2>DATOS DEL USUARIO OBJETO DE TRATAMIENTO<\/h2>\n<p>A trav\u00e9s de los formularios de este sitio web se solicitan los siguientes datos que ser\u00e1n objeto de tratamiento: Nombre, apellidos, dni, nacionalidad, direcci\u00f3n postal, direcci\u00f3n de correo electr\u00f3nico, n\u00ba de tel\u00e9fono y datos facilitados por los propios interesados. En caso de que el Titular facilite, en cualquier momento, datos de terceros, manifiesta contar con el consentimiento de estos y se compromete a trasladarle la informaci\u00f3n contenida en este documento.<\/p>\n<p>Les informamos que las im\u00e1genes y fotograf\u00edas de personas, (incluyendo las de los menores) que el propio RESPONSABLE pudiese publicar en el sitio web son propiedad de EL RESPONSABLE, y que, para la obtenci\u00f3n de estas, se ha recabado el consentimiento previo del interesado (y\/o de los padres, tutores o representantes legales). Se advierte que no deben ser utilizadas por los usuarios sin autorizaci\u00f3n previa.<\/p>\n<h2>COMUNICACIONES Y APLICACIONES DE MENSAJERIA Y VIDEO-CONFERENCIA<\/h2>\n<p><strong>El\u00a0RESPONSABLE no env\u00eda correos comerciales por e-mail que no hayan sido previamente solicitados o autorizados por el Usuario<\/strong>. Si atender su solicitud implicase la necesidad de ponernos en contacto con Usted, y para agilizar esa comunicaci\u00f3n se utilizasen aplicaciones de video-conferencia y\/o mensajer\u00eda r\u00e1pida (Zoom. WhatsApp, Skype o similares), le informamos de que el uso de este tipo de aplicaciones podr\u00eda no ser segura para el intercambio de datos personales Tambi\u00e9n de que los datos incorporados a estas aplicaciones se almacenan en servidores que no siempre se encuentran dentro del espacio de la UE. Por tanto, <strong>deber\u00e1 darnos su consentimiento en el momento de solicitarnos que nos comuniquemos con usted a trav\u00e9s de dichos medios<\/strong>, sin menoscabo de su derecho a retirar el consentimiento para tratar los datos en cualquier momento lo que implicar\u00e1 la rescisi\u00f3n de las comunicaciones y no afectar\u00e1 a la licitud de los tratamientos efectuados previamente.<\/p>\n<h2>EXACTITUD Y VERACIDAD DE LOS DATOS<\/h2>\n<p>El usuario es el \u00fanico responsable de la veracidad y correcci\u00f3n de los datos que remita al RESPONSABLE, exoner\u00e1ndole de cualquier responsabilidad al respeto. Los usuarios garantizan y responden, en cualquier caso, de la exactitud, vigencia y autenticidad de los datos personales facilitados, y se comprometen a mantenerlos debidamente actualizados. El usuario acepta proporcionar informaci\u00f3n completa y correcta en el formulario de registro o suscripci\u00f3n.<\/p>\n<h2>COOKIES, CONDICIONES DE CONTRATACI\u00d3N Y AVISO LEGAL<\/h2>\n<ul>\n<li>Puede ver la informaci\u00f3n sobre cookies a trav\u00e9s del enlace espec\u00edfico habilitado en el sitio web.<\/li>\n<li>Puede ver las condiciones de uso del portal a trav\u00e9s del enlace espec\u00edfico habilitado en el sitio web.<\/li>\n<li>Puede acceder a las condiciones de contrataci\u00f3n a trav\u00e9s del enlace habilitado en el sitio web, as\u00ed como en el momento de realizar la compra\/reserva del producto o servicio.<\/li>\n<\/ul>\n<h2>ACCESO A REDES SOCIALES Y\/O AL BLOG<\/h2>\n<p>Cuando el usuario deja comentarios en la web, recopilamos los datos que se muestran en el formulario de comentarios, as\u00ed como la direcci\u00f3n IP del visitante y la cadena de agentes de usuario del navegador para ayudar a la detecci\u00f3n de spam. En el supuesto de que el usuario acceda a las redes sociales o al blog o se subscriba a este, le informamos que los datos aportados ser\u00e1n tratados para gestionar su suscripci\u00f3n al blog o a la lista de seguimiento de las redes sociales. Cuando se d\u00e9 de baja, se suprimir\u00e1n con medidas de seguridad adecuadas para garantizar la seudonimizaci\u00f3n de los datos o destrucci\u00f3n total de los mismos.<\/p>\n<p>El PRESTADOR tratar\u00e1 sus datos con el fin de informarle de las actividades, productos o servicios del prestador a trav\u00e9s de estas redes sociales, as\u00ed como para cualquier otra finalidad que las normativas de las Redes Sociales permitan, pero no se har\u00e1 responsable de sus propias pol\u00edticas de privacidad.<\/p>\n<h2>PARTICIPACI\u00d3N EN FOROS Y PUBLICACI\u00d3N DE SU TESTIMONIO<\/h2>\n<p>Le recordamos que las publicaciones en redes sociales, blogs y sitios de este tipo se mostrar\u00e1n p\u00fablicamente a los usuarios del sitio online y que pueden ser compartidos por los mismos. En el supuesto de que el usuario quiera participar, o publicar su opini\u00f3n, en los foros de la web, redes sociales, blog, etc. le informamos que los datos aportados ser\u00e1n tratados para atender las preguntas y sugerencias propuestas, y para regular la participaci\u00f3n en el mismo. Cualquier registro o transmisi\u00f3n de datos personales que el usuario facilite supone el conocimiento y aceptaci\u00f3n inequ\u00edvoca del [Aviso Legal] y la Pol\u00edtica de Privacidad expuestos en el sitio web.<\/p>\n<h2>DERECHOS DE LOS INTERESADOS<\/h2>\n<p>Le informamos que tiene derecho a solicitar el acceso, rectificaci\u00f3n, portabilidad y supresi\u00f3n de sus datos y la limitaci\u00f3n y oposici\u00f3n a su tratamiento dirigi\u00e9ndose a\u00a0<strong>Regina Margarita Barreiro Grela (www.tbplugin.com)<\/strong> enviando un correo electr\u00f3nico a <strong>info@obradoiroweb.com<\/strong>; indicando como Asunto: \u201cprotecci\u00f3n de datos\u201d. Tiene derecho a retirar el consentimiento prestado en cualquier momento. La retirada del consentimiento no afectar\u00e1 a la licitud del tratamiento efectuado anteriormente. Tambi\u00e9n tiene derecho a presentar una reclamaci\u00f3n ante la autoridad de control www.aepd.es si considera que pueden haberse visto vulnerados sus derechos en relaci\u00f3n con la protecci\u00f3n de sus datos.<\/p>\n<h2>CAMBIOS EN LA PRESENTE POL\u00cdTICA DE PRIVACIDAD<\/h2>\n<p>El RESPONSABLE se reserva el derecho a modificar la presente pol\u00edtica para adaptarla a novedades legislativas o jurisprudenciales.<\/p>\n<h2>LEY APLICABLE Y JURISDICCI\u00d3N<\/h2>\n<p>A todos los efectos, las relaciones entre el RESPONSABLE y los Usuarios de sus servicios telem\u00e1ticos, presentes en esta Web, est\u00e1n sometidos a la legislaci\u00f3n espa\u00f1ola a la que se someten expresamente las partes, siendo competentes por la resoluci\u00f3n de todos los conflictos derivados o relacionados con su uso los Juzgados y Tribunales correspondientes a la jurisdicci\u00f3n de TEO (A Coru\u00f1a).<\/p>\n<\/div><\/section><\/div>\n","protected":false},"excerpt":{"rendered":"","protected":false},"author":1,"featured_media":0,"parent":0,"menu_order":0,"comment_status":"closed","ping_status":"closed","template":"","meta":{"footnotes":""},"class_list":["post-4134","page","type-page","status-publish","hentry"],"_links":{"self":[{"href":"https:\/\/www.tbplugin.com\/en\/wp-json\/wp\/v2\/pages\/4134","targetHints":{"allow":["GET"]}}],"collection":[{"href":"https:\/\/www.tbplugin.com\/en\/wp-json\/wp\/v2\/pages"}],"about":[{"href":"https:\/\/www.tbplugin.com\/en\/wp-json\/wp\/v2\/types\/page"}],"author":[{"embeddable":true,"href":"https:\/\/www.tbplugin.com\/en\/wp-json\/wp\/v2\/users\/1"}],"replies":[{"embeddable":true,"href":"https:\/\/www.tbplugin.com\/en\/wp-json\/wp\/v2\/comments?post=4134"}],"version-history":[{"count":6,"href":"https:\/\/www.tbplugin.com\/en\/wp-json\/wp\/v2\/pages\/4134\/revisions"}],"predecessor-version":[{"id":4737,"href":"https:\/\/www.tbplugin.com\/en\/wp-json\/wp\/v2\/pages\/4134\/revisions\/4737"}],"wp:attachment":[{"href":"https:\/\/www.tbplugin.com\/en\/wp-json\/wp\/v2\/media?parent=4134"}],"curies":[{"name":"wp","href":"https:\/\/api.w.org\/{rel}","templated":true}]}}